{"id":65,"date":"2023-02-20T13:58:18","date_gmt":"2023-02-20T13:58:18","guid":{"rendered":"https:\/\/rfc-tech.cl\/?page_id=65"},"modified":"2023-08-23T15:14:02","modified_gmt":"2023-08-23T15:14:02","slug":"tecnologia","status":"publish","type":"page","link":"https:\/\/rfc-tech.cl\/index.php\/tecnologia\/","title":{"rendered":"Tecnolog\u00eda"},"content":{"rendered":"<p>[et_pb_section fb_built=\u00bb1&#8243; custom_padding_last_edited=\u00bboff|desktop\u00bb admin_label=\u00bbHeader\u00bb _builder_version=\u00bb4.17.4&#8243; _module_preset=\u00bbdefault\u00bb background_color=\u00bb#000000&#8243; background_enable_image=\u00bboff\u00bb custom_padding=\u00bb||16vw||false|false\u00bb custom_padding_tablet=\u00bb||40vw||false|false\u00bb custom_padding_phone=\u00bb||40vw||false|false\u00bb collapsed=\u00bbon\u00bb global_colors_info=\u00bb{}\u00bb][et_pb_row custom_padding_last_edited=\u00bbon|phone\u00bb _builder_version=\u00bb4.19.5&#8243; _module_preset=\u00bbdefault\u00bb custom_margin=\u00bb||||false|false\u00bb custom_margin_tablet=\u00bb||||false|false\u00bb custom_margin_phone=\u00bb||||false|false\u00bb custom_margin_last_edited=\u00bbon|phone\u00bb custom_padding=\u00bb||||false|false\u00bb custom_padding_tablet=\u00bb||||false|false\u00bb custom_padding_phone=\u00bb0px||0px||false|false\u00bb global_colors_info=\u00bb{}\u00bb][et_pb_column type=\u00bb4_4&#8243; _builder_version=\u00bb4.17.4&#8243; _module_preset=\u00bbdefault\u00bb global_colors_info=\u00bb{}\u00bb][et_pb_text _builder_version=\u00bb4.19.5&#8243; _module_preset=\u00bbc16985e1-e0d6-4022-964d-e2bfc04fa633&#8243; header_font=\u00bbInter|700|||||||\u00bb header_text_color=\u00bb#FFFFFF\u00bb header_font_size=\u00bb60px\u00bb header_line_height=\u00bb1.2em\u00bb text_orientation=\u00bbcenter\u00bb custom_margin=\u00bb||||false|false\u00bb header_font_size_tablet=\u00bb40px\u00bb header_font_size_phone=\u00bb24px\u00bb header_font_size_last_edited=\u00bbon|desktop\u00bb global_colors_info=\u00bb{}\u00bb]<\/p>\n<h1>Tecnolog\u00eda<\/h1>\n<p>[\/et_pb_text][\/et_pb_column][\/et_pb_row][\/et_pb_section][et_pb_section fb_built=\u00bb1&#8243; admin_label=\u00bbVideo\u00bb _builder_version=\u00bb4.19.5&#8243; _module_preset=\u00bbdefault\u00bb background_color=\u00bbRGBA(255,255,255,0)\u00bb custom_margin=\u00bb||10%||false|false\u00bb custom_padding=\u00bb||0px||false|false\u00bb global_colors_info=\u00bb{}\u00bb][et_pb_row _builder_version=\u00bb4.19.5&#8243; _module_preset=\u00bbdefault\u00bb custom_margin=\u00bb||||false|false\u00bb custom_margin_tablet=\u00bb-40vw||||false|false\u00bb custom_margin_phone=\u00bb-40vw||||false|false\u00bb custom_margin_last_edited=\u00bboff|desktop\u00bb custom_padding=\u00bb0px||0px||false|false\u00bb global_colors_info=\u00bb{}\u00bb][et_pb_column type=\u00bb4_4&#8243; _builder_version=\u00bb4.17.4&#8243; _module_preset=\u00bbdefault\u00bb global_colors_info=\u00bb{}\u00bb][et_pb_image src=\u00bbhttps:\/\/rfc-tech.cl\/wp-content\/uploads\/2023\/02\/image4.jpg\u00bb alt=\u00bbTecnolog\u00eda\u00bb title_text=\u00bbTecnolog\u00eda\u00bb align=\u00bbcenter\u00bb _builder_version=\u00bb4.19.5&#8243; _module_preset=\u00bbdefault\u00bb width=\u00bb100%\u00bb custom_margin=\u00bb-20vw||||false|false\u00bb global_colors_info=\u00bb{}\u00bb][\/et_pb_image][\/et_pb_column][\/et_pb_row][et_pb_row _builder_version=\u00bb4.19.5&#8243; _module_preset=\u00bbdefault\u00bb global_colors_info=\u00bb{}\u00bb][et_pb_column type=\u00bb4_4&#8243; _builder_version=\u00bb4.19.5&#8243; _module_preset=\u00bbdefault\u00bb global_colors_info=\u00bb{}\u00bb][et_pb_slider arrows_custom_color=\u00bb#0C0E11&#8243; dot_nav_custom_color=\u00bb#0C0E11&#8243; _builder_version=\u00bb4.19.5&#8243; _module_preset=\u00bbdefault\u00bb header_text_color=\u00bb#0C0E11&#8243; body_text_color=\u00bb#0C0E11&#8243; body_font_size=\u00bb17px\u00bb background_color=\u00bb#F9F9F9&#8243; custom_padding=\u00bb152px|||||\u00bb global_colors_info=\u00bb{}\u00bb][et_pb_slide heading=\u00bbGem One:\u00bb image=\u00bbhttps:\/\/rfc-tech.cl\/wp-content\/uploads\/2023\/02\/tecnologia.png\u00bb _builder_version=\u00bb4.19.5&#8243; _module_preset=\u00bbdefault\u00bb global_colors_info=\u00bb{}\u00bb sticky_transition=\u00bbon\u00bb]<\/p>\n<p>Empresa nacida en Australia dedicada al \u00e1rea de la telemetr\u00eda. Gem one se<br \/>convirti\u00f3 en un l\u00edder del mercado entregando soluciones confiables para el seguimiento de veh\u00edculos a distancia.<\/p>\n<p>Actualmente tienen cobertura global a traves de sedes en Am\u00e9rica, Europa y Asia.<\/p>\n<p>[\/et_pb_slide][et_pb_slide heading=\u00bbTransmon Engineering:\u00bb image=\u00bbhttps:\/\/rfc-tech.cl\/wp-content\/uploads\/2023\/04\/shutterstock_708307267-Large.jpg\u00bb _builder_version=\u00bb4.19.5&#8243; _module_preset=\u00bbdefault\u00bb global_colors_info=\u00bb{}\u00bb sticky_transition=\u00bbon\u00bb]<\/p>\n<p>Transmon Engineering comenz\u00f3 sus operaciones hace 25 a\u00f1os en Leicester, Reino Unido.<\/p>\n<p>Provee de valor y seguridad para proteger el personal y las operaciones a trav\u00e9s de limitadores de velocidad, c\u00e1maras y sistemas que evitan colisiones.<\/p>\n<p>&nbsp;<\/p>\n<p>[\/et_pb_slide][et_pb_slide heading=\u00bbTopcon RDSTec:\u00bb image=\u00bbhttps:\/\/rfc-tech.cl\/wp-content\/uploads\/2023\/05\/LFT1000.png\u00bb _builder_version=\u00bb4.19.5&#8243; _module_preset=\u00bbdefault\u00bb global_colors_info=\u00bb{}\u00bb sticky_transition=\u00bbon\u00bb]<\/p>\n<p>Sistemas de pesaje \u00abon-board\u00bb para agilizar las operaciones.<\/p>\n<p>Permite pesar la carga sin necesidad de hacer trayectos innecesarios que demoran la operaci\u00f3n y ponen en riesgo al personal.<\/p>\n<p>[\/et_pb_slide][et_pb_slide heading=\u00bbHurricane Attachments\u00bb image=\u00bbhttps:\/\/rfc-tech.cl\/wp-content\/uploads\/2023\/07\/Foam-Clamp.jpeg\u00bb _builder_version=\u00bb4.19.5&#8243; _module_preset=\u00bbdefault\u00bb global_colors_info=\u00bb{}\u00bb sticky_transition=\u00bbon\u00bb]<\/p>\n<p>Aditamentos para gr\u00faas horquillas que permiten mejorar la eficiencia de la operaci\u00f3n log\u00edstica. Un producto de calidad a un precio conveniente.<\/p>\n<p>[\/et_pb_slide][\/et_pb_slider][\/et_pb_column][\/et_pb_row][\/et_pb_section]<\/p>\n","protected":false},"excerpt":{"rendered":"<p>Tecnolog\u00edaEmpresa nacida en Australia dedicada al \u00e1rea de la telemetr\u00eda. Gem one seconvirti\u00f3 en un l\u00edder del mercado entregando soluciones confiables para el seguimiento de veh\u00edculos a distancia. Actualmente tienen cobertura global a traves de sedes en Am\u00e9rica, Europa y Asia.Transmon Engineering comenz\u00f3 sus operaciones hace 25 a\u00f1os en Leicester, Reino Unido. Provee de valor [&hellip;]<\/p>\n","protected":false},"author":1,"featured_media":0,"parent":0,"menu_order":0,"comment_status":"closed","ping_status":"closed","template":"","meta":{"_et_pb_use_builder":"on","_et_pb_old_content":"","_et_gb_content_width":"","footnotes":""},"class_list":["post-65","page","type-page","status-publish","hentry"],"yoast_head":"<!-- This site is optimized with the Yoast SEO plugin v20.0 - https:\/\/yoast.com\/wordpress\/plugins\/seo\/ -->\n<title>Tecnolog\u00eda - RFC Tech.<\/title>\n<meta name=\"robots\" content=\"index, follow, max-snippet:-1, max-image-preview:large, max-video-preview:-1\" \/>\n<link rel=\"canonical\" href=\"https:\/\/rfc-tech.cl\/index.php\/tecnologia\/\" \/>\n<meta property=\"og:locale\" content=\"es_ES\" \/>\n<meta property=\"og:type\" content=\"article\" \/>\n<meta property=\"og:title\" content=\"Tecnolog\u00eda - RFC Tech.\" \/>\n<meta property=\"og:description\" content=\"Tecnolog\u00edaEmpresa nacida en Australia dedicada al \u00e1rea de la telemetr\u00eda. Gem one seconvirti\u00f3 en un l\u00edder del mercado entregando soluciones confiables para el seguimiento de veh\u00edculos a distancia. Actualmente tienen cobertura global a traves de sedes en Am\u00e9rica, Europa y Asia.Transmon Engineering comenz\u00f3 sus operaciones hace 25 a\u00f1os en Leicester, Reino Unido. Provee de valor [&hellip;]\" \/>\n<meta property=\"og:url\" content=\"https:\/\/rfc-tech.cl\/index.php\/tecnologia\/\" \/>\n<meta property=\"og:site_name\" content=\"RFC Tech.\" \/>\n<meta property=\"article:modified_time\" content=\"2023-08-23T15:14:02+00:00\" \/>\n<meta name=\"twitter:card\" content=\"summary_large_image\" \/>\n<meta name=\"twitter:label1\" content=\"Tiempo de lectura\" \/>\n\t<meta name=\"twitter:data1\" content=\"1 minuto\" \/>\n<script type=\"application\/ld+json\" class=\"yoast-schema-graph\">{\"@context\":\"https:\/\/schema.org\",\"@graph\":[{\"@type\":\"WebPage\",\"@id\":\"https:\/\/rfc-tech.cl\/index.php\/tecnologia\/\",\"url\":\"https:\/\/rfc-tech.cl\/index.php\/tecnologia\/\",\"name\":\"Tecnolog\u00eda - RFC Tech.\",\"isPartOf\":{\"@id\":\"https:\/\/rfc-tech.cl\/#website\"},\"datePublished\":\"2023-02-20T13:58:18+00:00\",\"dateModified\":\"2023-08-23T15:14:02+00:00\",\"breadcrumb\":{\"@id\":\"https:\/\/rfc-tech.cl\/index.php\/tecnologia\/#breadcrumb\"},\"inLanguage\":\"es\",\"potentialAction\":[{\"@type\":\"ReadAction\",\"target\":[\"https:\/\/rfc-tech.cl\/index.php\/tecnologia\/\"]}]},{\"@type\":\"BreadcrumbList\",\"@id\":\"https:\/\/rfc-tech.cl\/index.php\/tecnologia\/#breadcrumb\",\"itemListElement\":[{\"@type\":\"ListItem\",\"position\":1,\"name\":\"Portada\",\"item\":\"https:\/\/rfc-tech.cl\/\"},{\"@type\":\"ListItem\",\"position\":2,\"name\":\"Tecnolog\u00eda\"}]},{\"@type\":\"WebSite\",\"@id\":\"https:\/\/rfc-tech.cl\/#website\",\"url\":\"https:\/\/rfc-tech.cl\/\",\"name\":\"RFC Tech.\",\"description\":\"Procesos log\u00edsticos\",\"potentialAction\":[{\"@type\":\"SearchAction\",\"target\":{\"@type\":\"EntryPoint\",\"urlTemplate\":\"https:\/\/rfc-tech.cl\/?s={search_term_string}\"},\"query-input\":\"required name=search_term_string\"}],\"inLanguage\":\"es\"}]}<\/script>\n<!-- \/ Yoast SEO plugin. -->","yoast_head_json":{"title":"Tecnolog\u00eda - RFC Tech.","robots":{"index":"index","follow":"follow","max-snippet":"max-snippet:-1","max-image-preview":"max-image-preview:large","max-video-preview":"max-video-preview:-1"},"canonical":"https:\/\/rfc-tech.cl\/index.php\/tecnologia\/","og_locale":"es_ES","og_type":"article","og_title":"Tecnolog\u00eda - RFC Tech.","og_description":"Tecnolog\u00edaEmpresa nacida en Australia dedicada al \u00e1rea de la telemetr\u00eda. Gem one seconvirti\u00f3 en un l\u00edder del mercado entregando soluciones confiables para el seguimiento de veh\u00edculos a distancia. Actualmente tienen cobertura global a traves de sedes en Am\u00e9rica, Europa y Asia.Transmon Engineering comenz\u00f3 sus operaciones hace 25 a\u00f1os en Leicester, Reino Unido. Provee de valor [&hellip;]","og_url":"https:\/\/rfc-tech.cl\/index.php\/tecnologia\/","og_site_name":"RFC Tech.","article_modified_time":"2023-08-23T15:14:02+00:00","twitter_card":"summary_large_image","twitter_misc":{"Tiempo de lectura":"1 minuto"},"schema":{"@context":"https:\/\/schema.org","@graph":[{"@type":"WebPage","@id":"https:\/\/rfc-tech.cl\/index.php\/tecnologia\/","url":"https:\/\/rfc-tech.cl\/index.php\/tecnologia\/","name":"Tecnolog\u00eda - RFC Tech.","isPartOf":{"@id":"https:\/\/rfc-tech.cl\/#website"},"datePublished":"2023-02-20T13:58:18+00:00","dateModified":"2023-08-23T15:14:02+00:00","breadcrumb":{"@id":"https:\/\/rfc-tech.cl\/index.php\/tecnologia\/#breadcrumb"},"inLanguage":"es","potentialAction":[{"@type":"ReadAction","target":["https:\/\/rfc-tech.cl\/index.php\/tecnologia\/"]}]},{"@type":"BreadcrumbList","@id":"https:\/\/rfc-tech.cl\/index.php\/tecnologia\/#breadcrumb","itemListElement":[{"@type":"ListItem","position":1,"name":"Portada","item":"https:\/\/rfc-tech.cl\/"},{"@type":"ListItem","position":2,"name":"Tecnolog\u00eda"}]},{"@type":"WebSite","@id":"https:\/\/rfc-tech.cl\/#website","url":"https:\/\/rfc-tech.cl\/","name":"RFC Tech.","description":"Procesos log\u00edsticos","potentialAction":[{"@type":"SearchAction","target":{"@type":"EntryPoint","urlTemplate":"https:\/\/rfc-tech.cl\/?s={search_term_string}"},"query-input":"required name=search_term_string"}],"inLanguage":"es"}]}},"_links":{"self":[{"href":"https:\/\/rfc-tech.cl\/index.php\/wp-json\/wp\/v2\/pages\/65","targetHints":{"allow":["GET"]}}],"collection":[{"href":"https:\/\/rfc-tech.cl\/index.php\/wp-json\/wp\/v2\/pages"}],"about":[{"href":"https:\/\/rfc-tech.cl\/index.php\/wp-json\/wp\/v2\/types\/page"}],"author":[{"embeddable":true,"href":"https:\/\/rfc-tech.cl\/index.php\/wp-json\/wp\/v2\/users\/1"}],"replies":[{"embeddable":true,"href":"https:\/\/rfc-tech.cl\/index.php\/wp-json\/wp\/v2\/comments?post=65"}],"version-history":[{"count":22,"href":"https:\/\/rfc-tech.cl\/index.php\/wp-json\/wp\/v2\/pages\/65\/revisions"}],"predecessor-version":[{"id":268,"href":"https:\/\/rfc-tech.cl\/index.php\/wp-json\/wp\/v2\/pages\/65\/revisions\/268"}],"wp:attachment":[{"href":"https:\/\/rfc-tech.cl\/index.php\/wp-json\/wp\/v2\/media?parent=65"}],"curies":[{"name":"wp","href":"https:\/\/api.w.org\/{rel}","templated":true}]}}